{"id":1596,"date":"2013-12-16T21:14:50","date_gmt":"2013-12-16T21:14:50","guid":{"rendered":"http:\/\/moderntools.pl\/moderntools2\/?page_id=1596"},"modified":"2024-11-29T09:24:17","modified_gmt":"2024-11-29T09:24:17","slug":"oferta","status":"publish","type":"page","link":"http:\/\/moderntools.pl\/pl_PL\/oferta\/","title":{"rendered":"OFERTA"},"content":{"rendered":"<div class='two_third'>\n\t\t\t\t\t<p>Nasza oferta zawiera szeroki asortyment przy zachowaniu konkurencyjno\u015bci cenowej.<\/p>\n<p>Nasza wiedza o rynku narz\u0119dziowym oparta na wieloletnim do\u015bwiadczeniu, bardzo dobra partnerska wsp\u00f3\u0142praca z producentami narz\u0119dzi zar\u00f3wno w kraju jak i za granic\u0105 pozwala na optymalny dob\u00f3r narz\u0119dzi skrawaj\u0105cych, uchwyt\u00f3w narz\u0119dziowych, urz\u0105dze\u0144, maszyn, elektronarz\u0119dzi, materia\u0142\u00f3w \u015bciernych oraz urz\u0105dze\u0144 pomiarowych.<\/p>\n<p>Dzi\u0119ki bezpo\u015brednim kontaktom z kadr\u0105&nbsp;techniczno-in\u017cyniersk\u0105 producent\u00f3w profesjonalnych narz\u0119dzi pod\u0105\u017camy za nowymi optymalnymi rozwi\u0105zaniami i koncepcjami technologicznymi.<\/p>\n<p>Nasza oferta zawiera szeroki asortyment przy zachowaniu konkurencyjno\u015bci cenowej.<\/p>\n<p class=\"gwpdb5c20c3_MsoNormal\">Obecnie jeste\u015bmy przedstawicielem firm:<\/p>\n<p class=\"gwpdb5c20c3_MsoNormal\"><span lang=\"EN-US\">Precitool <\/span> <a href=\"https:\/\/precitool.de\" target=\"_blank\" rel=\"noopener noreferrer\" data-saferedirecturl=\"https:\/\/zasobygwp.pl\/redirect?sig=94815d53ad4f2979fe62e9c7a79e67bc1ef9d0d9d8277329f88790e2cdb279bd&amp;url=aHR0cHM6Ly9wcmVjaXRvb2wuZGU=&amp;platform=desktop&amp;brand=wp\"><span lang=\"EN-US\">https:\/\/precitool.de<\/span><\/a><\/p>\n<p class=\"gwpdb5c20c3_MsoNormal\"><span lang=\"EN-US\">Walter Tools <a href=\"http:\/\/www.walter-tools.com\" target=\"_blank\" rel=\"noopener noreferrer\" data-saferedirecturl=\"https:\/\/zasobygwp.pl\/redirect?sig=9b05df98ad24bacd7929c452cfc057b29a7a9bb406afd5a8f8393d249cc5cadb&amp;url=aHR0cDovL3d3dy53YWx0ZXItdG9vbHMuY29t&amp;platform=desktop&amp;brand=wp\"> www.walter-tools.com<\/a><\/span><\/p>\n<p class=\"gwp86320611_MsoNormal\"><span lang=\"EN-US\">Precision Surfaces International, Inc. (PSI Dragon) <\/span><a href=\"https:\/\/www.psidragon.com\" target=\"_blank\" rel=\"noopener noreferrer\" data-saferedirecturl=\"https:\/\/zasobygwp.pl\/redirect?sig=94d77d4ea910c6c0820b5d898a5c58e6c291ef26d4e54b9ca2c3ff6f89840197&amp;url=aHR0cHM6Ly93d3cucHNpZHJhZ29uLmNvbQ==&amp;platform=desktop&amp;brand=wp\"><span lang=\"EN-US\">https:\/\/www.psidragon.com<\/span><\/a><\/p>\n<p><span style=\"line-height: 1.5;\">\n\t\t\t\t<\/div><div class='one_third et_column_last'>\n\t\t\t\t\t<\/span><a href=\"http:\/\/www.precitool-ost.eu\" target=\"_blank\" rel=\"noopener\"><img decoding=\"async\" loading=\"lazy\" class=\"aligncenter wp-image-2104\" src=\"\/wp-content\/uploads\/2013\/12\/precitooloss-logo.png\" alt=\"precitooloss-logo\" width=\"130\" height=\"28\" srcset=\"http:\/\/moderntools.pl\/wp-content\/uploads\/2013\/12\/precitooloss-logo.png 200w, http:\/\/moderntools.pl\/wp-content\/uploads\/2013\/12\/precitooloss-logo-187x40.png 187w\" sizes=\"(max-width: 130px) 100vw, 130px\" \/><\/a><img decoding=\"async\" loading=\"lazy\" class=\"aligncenter wp-image-2103\" src=\"\/wp-content\/uploads\/2013\/12\/komet_group-150x93.gif\" alt=\"komet_group\" width=\"130\" height=\"58\" srcset=\"http:\/\/moderntools.pl\/wp-content\/uploads\/2013\/12\/komet_group-187x84.gif 187w, http:\/\/moderntools.pl\/wp-content\/uploads\/2013\/12\/komet_group-207x93.gif 207w\" sizes=\"(max-width: 130px) 100vw, 130px\" \/> <img decoding=\"async\" loading=\"lazy\" class=\" wp-image-2054 size-full aligncenter\" src=\"\/wp-content\/uploads\/2013\/12\/oferta.png\" alt=\"oferta\" width=\"135\" height=\"384\" srcset=\"http:\/\/moderntools.pl\/wp-content\/uploads\/2013\/12\/oferta.png 135w, http:\/\/moderntools.pl\/wp-content\/uploads\/2013\/12\/oferta-105x300.png 105w\" sizes=\"(max-width: 135px) 100vw, 135px\" \/>\n\t\t\t\t<\/div><div class='clear'><\/div><\/p>\n","protected":false},"excerpt":{"rendered":"<div class='two_third'>\n\t\t\t\t\t\n\t\t\t\t<\/div>\n<p>Nasza oferta zawiera szeroki asortyment przy zachowaniu konkurencyjno\u015bci cenowej.<\/p>\n<p>Nasza wiedza o rynku narz\u0119dziowym oparta na wieloletnim do\u015bwiadczeniu, bardzo dobra partnerska wsp\u00f3\u0142praca z producentami narz\u0119dzi zar\u00f3wno w kraju jak i za&#8230;<\/p>\n","protected":false},"author":2,"featured_media":2023,"parent":0,"menu_order":0,"comment_status":"closed","ping_status":"open","template":"page-full.php","meta":[],"_links":{"self":[{"href":"http:\/\/moderntools.pl\/pl_PL\/wp-json\/wp\/v2\/pages\/1596"}],"collection":[{"href":"http:\/\/moderntools.pl\/pl_PL\/wp-json\/wp\/v2\/pages"}],"about":[{"href":"http:\/\/moderntools.pl\/pl_PL\/wp-json\/wp\/v2\/types\/page"}],"author":[{"embeddable":true,"href":"http:\/\/moderntools.pl\/pl_PL\/wp-json\/wp\/v2\/users\/2"}],"replies":[{"embeddable":true,"href":"http:\/\/moderntools.pl\/pl_PL\/wp-json\/wp\/v2\/comments?post=1596"}],"version-history":[{"count":51,"href":"http:\/\/moderntools.pl\/pl_PL\/wp-json\/wp\/v2\/pages\/1596\/revisions"}],"predecessor-version":[{"id":2420,"href":"http:\/\/moderntools.pl\/pl_PL\/wp-json\/wp\/v2\/pages\/1596\/revisions\/2420"}],"wp:featuredmedia":[{"embeddable":true,"href":"http:\/\/moderntools.pl\/pl_PL\/wp-json\/wp\/v2\/media\/2023"}],"wp:attachment":[{"href":"http:\/\/moderntools.pl\/pl_PL\/wp-json\/wp\/v2\/media?parent=1596"}],"curies":[{"name":"wp","href":"https:\/\/api.w.org\/{rel}","templated":true}]}}