{"id":1774,"date":"2014-02-04T11:30:05","date_gmt":"2014-02-04T11:30:05","guid":{"rendered":"http:\/\/moderntools.pl\/moderntools2\/?page_id=1774"},"modified":"2016-02-02T12:45:25","modified_gmt":"2016-02-02T12:45:25","slug":"firma","status":"publish","type":"page","link":"http:\/\/moderntools.pl\/pl_PL\/firma\/","title":{"rendered":"FIRMA"},"content":{"rendered":"<div class='two_third'>\n\t\t\t\t\t<p>Zesp\u00f3\u0142 nasz tworz\u0105 ludzie o w\u0142a\u015bciwych kwalifikacjach merytorycznych i z bogatym do\u015bwiadczeniem praktycznym.<\/p>\n<p>Firma zajmuje si\u0119 \u015bwiadczeniem us\u0142ug na rzecz podmiot\u00f3w z r\u00f3\u017cnych segment\u00f3w przemys\u0142u i w zakresie profesjonalnych narz\u0119dzi, maszyn i urz\u0105dze\u0144 technicznych.<\/p>\n<p>Istot\u0105 dzia\u0142alno\u015bci jest dostarczenie skutecznego i kompleksowego rozwi\u0105zania technicznego.<\/p>\n<p>Realizujemy to dzi\u0119ki wyrobom i us\u0142ug\u0105 na oczekiwanym poziomie, dlatego te\u017c wsp\u00f3\u0142pracujemy z tymi firmami, kt\u00f3re te wymogi spe\u0142niaj\u0105.<\/p>\n<p>Zapraszamy do wsp\u00f3\u0142pracy gwarantuj\u0105c fachow\u0105 obs\u0142ug\u0119 oraz maksymalne zadowolenie.\n\t\t\t\t<\/div>\n<div class='one_third et_column_last'>\n\t\t\t\t\t<a href=\"\/wp-content\/uploads\/2014\/02\/rondo.png\"><img decoding=\"async\" loading=\"lazy\" class=\"aligncenter wp-image-2122 size-full\" src=\"\/wp-content\/uploads\/2014\/02\/rondo.png\" alt=\"\" width=\"204\" height=\"320\" srcset=\"http:\/\/moderntools.pl\/wp-content\/uploads\/2014\/02\/rondo.png 204w, http:\/\/moderntools.pl\/wp-content\/uploads\/2014\/02\/rondo-191x300.png 191w, http:\/\/moderntools.pl\/wp-content\/uploads\/2014\/02\/rondo-187x293.png 187w\" sizes=\"(max-width: 204px) 100vw, 204px\" \/><\/a><\/p>\n\t\t\t\t<\/div><div class='clear'><\/div>\n","protected":false},"excerpt":{"rendered":"<div class='two_third'>\n\t\t\t\t\t\n\t\t\t\t<\/div>\n<p>Zesp\u00f3\u0142 nasz tworz\u0105 ludzie o w\u0142a\u015bciwych kwalifikacjach merytorycznych i z bogatym do\u015bwiadczeniem praktycznym.<\/p>\n<p>Firma zajmuje si\u0119 \u015bwiadczeniem us\u0142ug na rzecz podmiot\u00f3w z r\u00f3\u017cnych segment\u00f3w przemys\u0142u i w zakresie profesjonalnych narz\u0119dzi, ma&#8230;<\/p>\n","protected":false},"author":2,"featured_media":0,"parent":0,"menu_order":0,"comment_status":"closed","ping_status":"open","template":"page-full.php","meta":[],"_links":{"self":[{"href":"http:\/\/moderntools.pl\/pl_PL\/wp-json\/wp\/v2\/pages\/1774"}],"collection":[{"href":"http:\/\/moderntools.pl\/pl_PL\/wp-json\/wp\/v2\/pages"}],"about":[{"href":"http:\/\/moderntools.pl\/pl_PL\/wp-json\/wp\/v2\/types\/page"}],"author":[{"embeddable":true,"href":"http:\/\/moderntools.pl\/pl_PL\/wp-json\/wp\/v2\/users\/2"}],"replies":[{"embeddable":true,"href":"http:\/\/moderntools.pl\/pl_PL\/wp-json\/wp\/v2\/comments?post=1774"}],"version-history":[{"count":43,"href":"http:\/\/moderntools.pl\/pl_PL\/wp-json\/wp\/v2\/pages\/1774\/revisions"}],"predecessor-version":[{"id":2334,"href":"http:\/\/moderntools.pl\/pl_PL\/wp-json\/wp\/v2\/pages\/1774\/revisions\/2334"}],"wp:attachment":[{"href":"http:\/\/moderntools.pl\/pl_PL\/wp-json\/wp\/v2\/media?parent=1774"}],"curies":[{"name":"wp","href":"https:\/\/api.w.org\/{rel}","templated":true}]}}