{"id":1791,"date":"2014-02-04T12:14:17","date_gmt":"2014-02-04T12:14:17","guid":{"rendered":"http:\/\/moderntools.pl\/moderntools2\/?page_id=1791"},"modified":"2016-02-02T12:48:24","modified_gmt":"2016-02-02T12:48:24","slug":"kooperacja","status":"publish","type":"page","link":"http:\/\/moderntools.pl\/pl_PL\/kooperacja\/","title":{"rendered":"KOOPERACJA"},"content":{"rendered":"<div class='two_third'>\n\t\t\t\t\t<p>Jest to oferta skierowana do firm maj\u0105cych problemy z ?w\u0105skim gard\u0142em?, brakiem mocy przerobowych lub odpowiedniego zaplecza technicznego.<\/p>\n<p>Szerokie kontakty handlowe, potrzebne kwalifikacje i do\u015bwiadczenie, wykorzystujemy w czasie realizacji kontrakt\u00f3w.<\/p>\n<p>Zapewniamy dobre warunki realizacji zar\u00f3wno podczas kooperacji produkcyjnej, wykonuj\u0105c pewne fazy procesu produkcyjnego, jak i kooperacji przedmiotowej, dostarczaj\u0105c elementy konstrukcyjne wytwarzane przez naszego kooperanta.<\/p>\n<p>Wychodz\u0105c naprzeciw oczekiwaniom naszych klient\u00f3w pomagamy w projektowaniu ca\u0142o\u015bciowych proces\u00f3w technologicznych, doradzaj\u0105 jak obni\u017cy\u0107 koszty produkcji\ni jednocze\u015bnie uzyska\u0107 jak najwi\u0119ksza efektywno\u015b\u0107.\n\t\t\t\t<\/div>\n<div class='one_third et_column_last'>\n\t\t\t\t\t<a href=\"\/wp-content\/uploads\/2014\/02\/cnc.jpg\"><img decoding=\"async\" loading=\"lazy\" class=\"aligncenter wp-image-2120 size-full\" src=\"\/wp-content\/uploads\/2014\/02\/cnc.jpg\" alt=\"\" width=\"122\" height=\"320\" srcset=\"http:\/\/moderntools.pl\/wp-content\/uploads\/2014\/02\/cnc.jpg 122w, http:\/\/moderntools.pl\/wp-content\/uploads\/2014\/02\/cnc-114x300.jpg 114w\" sizes=\"(max-width: 122px) 100vw, 122px\" \/><\/a>\n\t\t\t\t<\/div><div class='clear'><\/div>\n","protected":false},"excerpt":{"rendered":"<div class='two_third'>\n\t\t\t\t\t\n\t\t\t\t<\/div>\n<p>Jest to oferta skierowana do firm maj\u0105cych problemy z ?w\u0105skim gard\u0142em?, brakiem mocy przerobowych lub odpowiedniego zaplecza technicznego.<\/p>\n<p>Szerokie kontakty handlowe, potrzebne kwalifikacje i do\u015bwiadczenie, wykorzystujemy w czasie reali&#8230;<\/p>\n","protected":false},"author":2,"featured_media":0,"parent":0,"menu_order":0,"comment_status":"closed","ping_status":"open","template":"page-full.php","meta":[],"_links":{"self":[{"href":"http:\/\/moderntools.pl\/pl_PL\/wp-json\/wp\/v2\/pages\/1791"}],"collection":[{"href":"http:\/\/moderntools.pl\/pl_PL\/wp-json\/wp\/v2\/pages"}],"about":[{"href":"http:\/\/moderntools.pl\/pl_PL\/wp-json\/wp\/v2\/types\/page"}],"author":[{"embeddable":true,"href":"http:\/\/moderntools.pl\/pl_PL\/wp-json\/wp\/v2\/users\/2"}],"replies":[{"embeddable":true,"href":"http:\/\/moderntools.pl\/pl_PL\/wp-json\/wp\/v2\/comments?post=1791"}],"version-history":[{"count":35,"href":"http:\/\/moderntools.pl\/pl_PL\/wp-json\/wp\/v2\/pages\/1791\/revisions"}],"predecessor-version":[{"id":2339,"href":"http:\/\/moderntools.pl\/pl_PL\/wp-json\/wp\/v2\/pages\/1791\/revisions\/2339"}],"wp:attachment":[{"href":"http:\/\/moderntools.pl\/pl_PL\/wp-json\/wp\/v2\/media?parent=1791"}],"curies":[{"name":"wp","href":"https:\/\/api.w.org\/{rel}","templated":true}]}}