{"id":2,"date":"2015-03-13T12:00:43","date_gmt":"2015-03-13T12:00:43","guid":{"rendered":"http:\/\/moderntools.pl\/moderntools2\/?page_id=2"},"modified":"2016-02-02T13:35:37","modified_gmt":"2016-02-02T13:35:37","slug":"narzedzia-specjalne","status":"publish","type":"page","link":"http:\/\/moderntools.pl\/pl_PL\/narzedzia-specjalne\/","title":{"rendered":"NARZ\u0118DZIA SPECJALNE"},"content":{"rendered":"<div class='two_third'>\n\t\t\t\t\t<p>Opr\u00f3cz sprzeda\u017cy narz\u0119dzi katalogowych realizujemy r\u00f3wnie\u017c zam\u00f3wienia specjalne, wed\u0142ug potrzeb klienta.<\/p>\n<p>Nasz partner handlowy WAKO to znana i ceniona marka od ponad 30 lat.<\/p>\n<p>Jest to firma specjalizuj\u0105c\u0105 si\u0119 w produkcji narz\u0119dzi specjalnych jak r\u00f3wnie\u017c narz\u0119dzi skrawaj\u0105cych wg normy polskiej i DIN w kr\u00f3tkim czasie.<\/p>\n<p>Gwarancj\u0105 jako\u015bci jest wdro\u017cony w 1999 roku system ISO 9001:2000.<\/p>\n<p>Klientami firmy WAKO s\u0105 zar\u00f3wno odbiorcy instytucjonalni, tacy jak Wojsko Polskie jak i \u015bwiatowe koncerny, m.in. Procter&amp;Gamble, ABB, Holmatro, Gilette.<\/p>\n<p>Wysoka jako\u015b\u0107 wykonywanych produkt\u00f3w zosta\u0142a uhonorowana Mazowieck\u0105 Nagrod\u0105 Jako\u015bci.\n\t\t\t\t<\/div><br \/>\n<div class='one_third et_column_last'>\n\t\t\t\t\t<a href=\"\/wp-content\/uploads\/2014\/02\/pojekty.jpg\"><img decoding=\"async\" loading=\"lazy\" class=\"aligncenter wp-image-2123 size-full\" src=\"\/wp-content\/uploads\/2014\/02\/pojekty.jpg\" alt=\"\" width=\"142\" height=\"320\" srcset=\"http:\/\/moderntools.pl\/wp-content\/uploads\/2014\/02\/pojekty.jpg 142w, http:\/\/moderntools.pl\/wp-content\/uploads\/2014\/02\/pojekty-133x300.jpg 133w\" sizes=\"(max-width: 142px) 100vw, 142px\" \/><\/a>\n\t\t\t\t<\/div><div class='clear'><\/div><\/p>\n","protected":false},"excerpt":{"rendered":"<div class='two_third'>\n\t\t\t\t\t\n\t\t\t\t<\/div>\n<p>Opr\u00f3cz sprzeda\u017cy narz\u0119dzi katalogowych realizujemy r\u00f3wnie\u017c zam\u00f3wienia specjalne, wed\u0142ug potrzeb klienta.<\/p>\n<p>Nasz partner handlowy WAKO to znana i ceniona marka od ponad 30 lat.<\/p>\n<p>Jest to firma specjalizuj\u0105c\u0105 si\u0119 w produkcji narz\u0119dzi specjal&#8230;<\/p>\n","protected":false},"author":2,"featured_media":0,"parent":0,"menu_order":0,"comment_status":"closed","ping_status":"open","template":"page-full.php","meta":[],"_links":{"self":[{"href":"http:\/\/moderntools.pl\/pl_PL\/wp-json\/wp\/v2\/pages\/2"}],"collection":[{"href":"http:\/\/moderntools.pl\/pl_PL\/wp-json\/wp\/v2\/pages"}],"about":[{"href":"http:\/\/moderntools.pl\/pl_PL\/wp-json\/wp\/v2\/types\/page"}],"author":[{"embeddable":true,"href":"http:\/\/moderntools.pl\/pl_PL\/wp-json\/wp\/v2\/users\/2"}],"replies":[{"embeddable":true,"href":"http:\/\/moderntools.pl\/pl_PL\/wp-json\/wp\/v2\/comments?post=2"}],"version-history":[{"count":49,"href":"http:\/\/moderntools.pl\/pl_PL\/wp-json\/wp\/v2\/pages\/2\/revisions"}],"predecessor-version":[{"id":2350,"href":"http:\/\/moderntools.pl\/pl_PL\/wp-json\/wp\/v2\/pages\/2\/revisions\/2350"}],"wp:attachment":[{"href":"http:\/\/moderntools.pl\/pl_PL\/wp-json\/wp\/v2\/media?parent=2"}],"curies":[{"name":"wp","href":"https:\/\/api.w.org\/{rel}","templated":true}]}}